{"id":699,"date":"2026-04-15T12:50:35","date_gmt":"2026-04-15T10:50:35","guid":{"rendered":"https:\/\/www.unikum.net\/de\/?page_id=699"},"modified":"2026-04-15T12:50:35","modified_gmt":"2026-04-15T10:50:35","slug":"unikum-archiv","status":"publish","type":"page","link":"https:\/\/www.unikum.net\/de\/unikum-archiv\/","title":{"rendered":"Unikum Archiv"},"content":{"rendered":"","protected":false},"excerpt":{"rendered":"","protected":false},"author":44,"featured_media":0,"parent":0,"menu_order":0,"comment_status":"closed","ping_status":"closed","template":"template-module-style.php","meta":{"_acf_changed":false,"_seopress_robots_primary_cat":"","_seopress_titles_title":"Unikum Archiv. Dein digitales Archiv f\u00fcr eure Kita.","_seopress_titles_desc":"Unikum Archiv bietet euch die M\u00f6glichkeit der digitalen Speicherung eurer p\u00e4dagogischen Arbeit f\u00fcr jedes einzigartige Kind.","_seopress_robots_index":"","content-type":"","footnotes":""},"class_list":["post-699","page","type-page","status-publish","hentry"],"acf":[],"_links":{"self":[{"href":"https:\/\/www.unikum.net\/de\/wp-json\/wp\/v2\/pages\/699","targetHints":{"allow":["GET"]}}],"collection":[{"href":"https:\/\/www.unikum.net\/de\/wp-json\/wp\/v2\/pages"}],"about":[{"href":"https:\/\/www.unikum.net\/de\/wp-json\/wp\/v2\/types\/page"}],"author":[{"embeddable":true,"href":"https:\/\/www.unikum.net\/de\/wp-json\/wp\/v2\/users\/44"}],"replies":[{"embeddable":true,"href":"https:\/\/www.unikum.net\/de\/wp-json\/wp\/v2\/comments?post=699"}],"version-history":[{"count":0,"href":"https:\/\/www.unikum.net\/de\/wp-json\/wp\/v2\/pages\/699\/revisions"}],"wp:attachment":[{"href":"https:\/\/www.unikum.net\/de\/wp-json\/wp\/v2\/media?parent=699"}],"curies":[{"name":"wp","href":"https:\/\/api.w.org\/{rel}","templated":true}]}}