{"id":687,"date":"2026-04-15T12:55:22","date_gmt":"2026-04-15T10:55:22","guid":{"rendered":"https:\/\/www.unikum.net\/de\/?page_id=687"},"modified":"2026-04-15T18:49:01","modified_gmt":"2026-04-15T16:49:01","slug":"unikum-qualitaet","status":"publish","type":"page","link":"https:\/\/www.unikum.net\/de\/unikum-qualitaet\/","title":{"rendered":"Unikum Qualit\u00e4t"},"content":{"rendered":"","protected":false},"excerpt":{"rendered":"","protected":false},"author":44,"featured_media":0,"parent":0,"menu_order":0,"comment_status":"closed","ping_status":"closed","template":"template-module-style.php","meta":{"_acf_changed":false,"_seopress_robots_primary_cat":"","_seopress_titles_title":"Unikum Qualit\u00e4t: Das Tool f\u00fcr einzigartige Kitas. Jetzt testen!","_seopress_titles_desc":"Entdecken Sie Unikum Qualit\u00e4t \u2013 das einzigartige Tool f\u00fcr datengest\u00fctzte Qualit\u00e4tsentwicklung mit Echtzeitdaten in Ihrer Kita. Jetzt starten!","_seopress_robots_index":"","content-type":"","footnotes":""},"class_list":["post-687","page","type-page","status-publish","hentry"],"acf":[],"_links":{"self":[{"href":"https:\/\/www.unikum.net\/de\/wp-json\/wp\/v2\/pages\/687","targetHints":{"allow":["GET"]}}],"collection":[{"href":"https:\/\/www.unikum.net\/de\/wp-json\/wp\/v2\/pages"}],"about":[{"href":"https:\/\/www.unikum.net\/de\/wp-json\/wp\/v2\/types\/page"}],"author":[{"embeddable":true,"href":"https:\/\/www.unikum.net\/de\/wp-json\/wp\/v2\/users\/44"}],"replies":[{"embeddable":true,"href":"https:\/\/www.unikum.net\/de\/wp-json\/wp\/v2\/comments?post=687"}],"version-history":[{"count":0,"href":"https:\/\/www.unikum.net\/de\/wp-json\/wp\/v2\/pages\/687\/revisions"}],"wp:attachment":[{"href":"https:\/\/www.unikum.net\/de\/wp-json\/wp\/v2\/media?parent=687"}],"curies":[{"name":"wp","href":"https:\/\/api.w.org\/{rel}","templated":true}]}}