{"id":655,"date":"2026-03-24T15:33:16","date_gmt":"2026-03-24T14:33:16","guid":{"rendered":"https:\/\/www.unikum.net\/de\/?page_id=655"},"modified":"2026-04-28T15:49:17","modified_gmt":"2026-04-28T13:49:17","slug":"webinar-traeger","status":"publish","type":"page","link":"https:\/\/www.unikum.net\/de\/webinar-traeger\/","title":{"rendered":"Webinar: Tr\u00e4ger"},"content":{"rendered":"","protected":false},"excerpt":{"rendered":"","protected":false},"author":44,"featured_media":686,"parent":0,"menu_order":0,"comment_status":"closed","ping_status":"closed","template":"template-module-style.php","meta":{"_acf_changed":false,"_seopress_robots_primary_cat":"","_seopress_titles_title":"Kita-Tr\u00e4ger im Fokus: Digitale Qualit\u00e4tssicherung & Bildungsdokumentation mit Unikum","_seopress_titles_desc":"Erfahren Sie im kostenlosen Webinar, wie Sie als Kita-Tr\u00e4ger mit Unikum Qualit\u00e4tsentwicklung digital b\u00fcndeln \u2013 f\u00fcr transparente Zusammenarbeit und starke P\u00e4dagogik.","_seopress_robots_index":"","content-type":"","footnotes":""},"class_list":["post-655","page","type-page","status-publish","has-post-thumbnail","hentry"],"acf":[],"_links":{"self":[{"href":"https:\/\/www.unikum.net\/de\/wp-json\/wp\/v2\/pages\/655","targetHints":{"allow":["GET"]}}],"collection":[{"href":"https:\/\/www.unikum.net\/de\/wp-json\/wp\/v2\/pages"}],"about":[{"href":"https:\/\/www.unikum.net\/de\/wp-json\/wp\/v2\/types\/page"}],"author":[{"embeddable":true,"href":"https:\/\/www.unikum.net\/de\/wp-json\/wp\/v2\/users\/44"}],"replies":[{"embeddable":true,"href":"https:\/\/www.unikum.net\/de\/wp-json\/wp\/v2\/comments?post=655"}],"version-history":[{"count":0,"href":"https:\/\/www.unikum.net\/de\/wp-json\/wp\/v2\/pages\/655\/revisions"}],"wp:featuredmedia":[{"embeddable":true,"href":"https:\/\/www.unikum.net\/de\/wp-json\/wp\/v2\/media\/686"}],"wp:attachment":[{"href":"https:\/\/www.unikum.net\/de\/wp-json\/wp\/v2\/media?parent=655"}],"curies":[{"name":"wp","href":"https:\/\/api.w.org\/{rel}","templated":true}]}}