{"id":40,"date":"2023-10-23T14:46:10","date_gmt":"2023-10-23T12:46:10","guid":{"rendered":"https:\/\/www.unikum.net\/de\/?page_id=40"},"modified":"2024-07-27T07:24:38","modified_gmt":"2024-07-27T05:24:38","slug":"uberuns","status":"publish","type":"page","link":"https:\/\/www.unikum.net\/de\/uberuns\/","title":{"rendered":"\u00dcber uns"},"content":{"rendered":"","protected":false},"excerpt":{"rendered":"","protected":false},"author":34,"featured_media":0,"parent":0,"menu_order":0,"comment_status":"closed","ping_status":"closed","template":"template-module-style.php","meta":{"_acf_changed":false,"_seopress_robots_primary_cat":"","_seopress_titles_title":"","_seopress_titles_desc":"Erleichtern Sie allen Mitarbeitern die Arbeit mit Ihrer p\u00e4dagogische Methode, mit P\u00e4dagogische Pl\u00e4ne und mit Dokumentation - wie man bereits in tausende Skandinavische Kitas macht","_seopress_robots_index":"","content-type":"","footnotes":""},"class_list":["post-40","page","type-page","status-publish","hentry"],"acf":[],"_links":{"self":[{"href":"https:\/\/www.unikum.net\/de\/wp-json\/wp\/v2\/pages\/40","targetHints":{"allow":["GET"]}}],"collection":[{"href":"https:\/\/www.unikum.net\/de\/wp-json\/wp\/v2\/pages"}],"about":[{"href":"https:\/\/www.unikum.net\/de\/wp-json\/wp\/v2\/types\/page"}],"author":[{"embeddable":true,"href":"https:\/\/www.unikum.net\/de\/wp-json\/wp\/v2\/users\/34"}],"replies":[{"embeddable":true,"href":"https:\/\/www.unikum.net\/de\/wp-json\/wp\/v2\/comments?post=40"}],"version-history":[{"count":0,"href":"https:\/\/www.unikum.net\/de\/wp-json\/wp\/v2\/pages\/40\/revisions"}],"wp:attachment":[{"href":"https:\/\/www.unikum.net\/de\/wp-json\/wp\/v2\/media?parent=40"}],"curies":[{"name":"wp","href":"https:\/\/api.w.org\/{rel}","templated":true}]}}